{"id":323,"date":"2025-10-09T01:22:44","date_gmt":"2025-10-09T01:22:44","guid":{"rendered":"https:\/\/sharp-swanson.217-154-183-154.plesk.page\/?page_id=323"},"modified":"2025-10-13T03:40:34","modified_gmt":"2025-10-13T03:40:34","slug":"sobre-nosotros","status":"publish","type":"page","link":"https:\/\/sharp-swanson.217-154-183-154.plesk.page\/index.php\/sobre-nosotros\/","title":{"rendered":"Club"},"content":{"rendered":"\t\t<div data-elementor-type=\"wp-page\" data-elementor-id=\"323\" class=\"elementor elementor-323\" data-elementor-post-type=\"page\">\n\t\t\t\t<div class=\"elementor-element elementor-element-395d3194 e-con-full e-flex e-con e-child\" data-id=\"395d3194\" data-element_type=\"container\" data-settings=\"{&quot;background_background&quot;:&quot;classic&quot;}\">\n\t\t<div class=\"elementor-element elementor-element-714bee5 e-flex e-con-boxed e-con e-child\" data-id=\"714bee5\" data-element_type=\"container\" data-settings=\"{&quot;background_background&quot;:&quot;classic&quot;}\">\n\t\t\t\t\t<div class=\"e-con-inner\">\n\t\t<div class=\"elementor-element elementor-element-b3a440e e-con-full e-flex e-con e-child\" data-id=\"b3a440e\" data-element_type=\"container\">\n\t\t\t\t<div class=\"elementor-element elementor-element-449979bf elementor-widget elementor-widget-theme-site-logo elementor-widget-image\" data-id=\"449979bf\" data-element_type=\"widget\" data-widget_type=\"theme-site-logo.default\">\n\t\t\t\t\t\t\t\t\t\t\t<a href=\"https:\/\/sharp-swanson.217-154-183-154.plesk.page\">\n\t\t\t<img decoding=\"async\" width=\"156\" height=\"40\" src=\"https:\/\/sharp-swanson.217-154-183-154.plesk.page\/wp-content\/uploads\/2025\/10\/logo.png\" class=\"attachment-full size-full wp-image-24\" alt=\"\" \/>\t\t\t\t<\/a>\n\t\t\t\t\t\t\t\t\t\t\t<\/div>\n\t\t\t\t<\/div>\n\t\t<div class=\"elementor-element elementor-element-34db3705 e-con-full e-flex e-con e-child\" data-id=\"34db3705\" data-element_type=\"container\">\n\t\t\t\t<div class=\"elementor-element elementor-element-2def213a elementor-nav-menu--dropdown-mobile elementor-nav-menu--stretch elementor-nav-menu__text-align-aside elementor-nav-menu--toggle elementor-nav-menu--burger elementor-widget elementor-widget-nav-menu\" data-id=\"2def213a\" data-element_type=\"widget\" data-settings=\"{&quot;full_width&quot;:&quot;stretch&quot;,&quot;layout&quot;:&quot;horizontal&quot;,&quot;submenu_icon&quot;:{&quot;value&quot;:&quot;&lt;svg aria-hidden=\\&quot;true\\&quot; class=\\&quot;e-font-icon-svg e-fas-caret-down\\&quot; viewBox=\\&quot;0 0 320 512\\&quot; xmlns=\\&quot;http:\\\/\\\/www.w3.org\\\/2000\\\/svg\\&quot;&gt;&lt;path d=\\&quot;M31.3 192h257.3c17.8 0 26.7 21.5 14.1 34.1L174.1 354.8c-7.8 7.8-20.5 7.8-28.3 0L17.2 226.1C4.6 213.5 13.5 192 31.3 192z\\&quot;&gt;&lt;\\\/path&gt;&lt;\\\/svg&gt;&quot;,&quot;library&quot;:&quot;fa-solid&quot;},&quot;toggle&quot;:&quot;burger&quot;}\" data-widget_type=\"nav-menu.default\">\n\t\t\t\t\t\t\t\t<nav aria-label=\"Menu\" class=\"elementor-nav-menu--main elementor-nav-menu__container elementor-nav-menu--layout-horizontal e--pointer-underline e--animation-fade\">\n\t\t\t\t<ul id=\"menu-1-2def213a\" class=\"elementor-nav-menu\"><li class=\"menu-item menu-item-type-post_type menu-item-object-page menu-item-426\"><a href=\"https:\/\/sharp-swanson.217-154-183-154.plesk.page\/index.php\/sobre-nosotros\/\" class=\"elementor-item menu-link\">Club<\/a><\/li>\n<li class=\"menu-item menu-item-type-post_type menu-item-object-page menu-item-425\"><a href=\"https:\/\/sharp-swanson.217-154-183-154.plesk.page\/index.php\/actividades\/\" class=\"elementor-item menu-link\">Actividades<\/a><\/li>\n<\/ul>\t\t\t<\/nav>\n\t\t\t\t\t<div class=\"elementor-menu-toggle\" role=\"button\" tabindex=\"0\" aria-label=\"Menu Toggle\" aria-expanded=\"false\">\n\t\t\t<svg aria-hidden=\"true\" role=\"presentation\" class=\"elementor-menu-toggle__icon--open e-font-icon-svg e-eicon-menu-bar\" viewBox=\"0 0 1000 1000\" xmlns=\"http:\/\/www.w3.org\/2000\/svg\"><path d=\"M104 333H896C929 333 958 304 958 271S929 208 896 208H104C71 208 42 237 42 271S71 333 104 333ZM104 583H896C929 583 958 554 958 521S929 458 896 458H104C71 458 42 487 42 521S71 583 104 583ZM104 833H896C929 833 958 804 958 771S929 708 896 708H104C71 708 42 737 42 771S71 833 104 833Z\"><\/path><\/svg><svg aria-hidden=\"true\" role=\"presentation\" class=\"elementor-menu-toggle__icon--close e-font-icon-svg e-eicon-close\" viewBox=\"0 0 1000 1000\" xmlns=\"http:\/\/www.w3.org\/2000\/svg\"><path d=\"M742 167L500 408 258 167C246 154 233 150 217 150 196 150 179 158 167 167 154 179 150 196 150 212 150 229 154 242 171 254L408 500 167 742C138 771 138 800 167 829 196 858 225 858 254 829L496 587 738 829C750 842 767 846 783 846 800 846 817 842 829 829 842 817 846 804 846 783 846 767 842 750 829 737L588 500 833 258C863 229 863 200 833 171 804 137 775 137 742 167Z\"><\/path><\/svg>\t\t<\/div>\n\t\t\t\t\t<nav class=\"elementor-nav-menu--dropdown elementor-nav-menu__container\" aria-hidden=\"true\">\n\t\t\t\t<ul id=\"menu-2-2def213a\" class=\"elementor-nav-menu\"><li class=\"menu-item menu-item-type-post_type menu-item-object-page menu-item-426\"><a href=\"https:\/\/sharp-swanson.217-154-183-154.plesk.page\/index.php\/sobre-nosotros\/\" class=\"elementor-item menu-link\" tabindex=\"-1\">Club<\/a><\/li>\n<li class=\"menu-item menu-item-type-post_type menu-item-object-page menu-item-425\"><a href=\"https:\/\/sharp-swanson.217-154-183-154.plesk.page\/index.php\/actividades\/\" class=\"elementor-item menu-link\" tabindex=\"-1\">Actividades<\/a><\/li>\n<\/ul>\t\t\t<\/nav>\n\t\t\t\t\t\t<\/div>\n\t\t\t\t<\/div>\n\t\t\t\t\t<\/div>\n\t\t\t\t<\/div>\n\t\t\t\t<\/div>\n\t\t<div class=\"elementor-element elementor-element-6c6ef951 e-con-full e-flex e-con e-parent\" data-id=\"6c6ef951\" data-element_type=\"container\">\n\t\t\t\t<div class=\"elementor-element elementor-element-494bb7ad animated-slow elementor-invisible elementor-widget elementor-widget-heading\" data-id=\"494bb7ad\" data-element_type=\"widget\" data-settings=\"{&quot;_animation&quot;:&quot;slideInUp&quot;}\" data-widget_type=\"heading.default\">\n\t\t\t\t\t<h2 class=\"elementor-heading-title elementor-size-default\">Conocenos<\/h2>\t\t\t\t<\/div>\n\t\t<div class=\"elementor-element elementor-element-2b54851 e-con-full e-flex e-con e-child\" data-id=\"2b54851\" data-element_type=\"container\">\n\t\t<div class=\"elementor-element elementor-element-77c376ad animated-slow e-con-full e-flex elementor-invisible e-con e-child\" data-id=\"77c376ad\" data-element_type=\"container\" data-settings=\"{&quot;background_background&quot;:&quot;classic&quot;,&quot;animation&quot;:&quot;fadeInUp&quot;,&quot;animation_delay&quot;:600}\">\n\t\t\t\t<\/div>\n\t\t<div class=\"elementor-element elementor-element-26a46d4f e-con-full e-flex e-con e-child\" data-id=\"26a46d4f\" data-element_type=\"container\">\n\t\t<div class=\"elementor-element elementor-element-b7ba89b e-con-full e-grid e-con e-child\" data-id=\"b7ba89b\" data-element_type=\"container\">\n\t\t\t\t<div class=\"elementor-element elementor-element-6ee7f9d elementor-widget elementor-widget-heading\" data-id=\"6ee7f9d\" data-element_type=\"widget\" data-widget_type=\"heading.default\">\n\t\t\t\t\t<h2 class=\"elementor-heading-title elementor-size-default\">UN<\/h2>\t\t\t\t<\/div>\n\t\t\t\t<div class=\"elementor-element elementor-element-a4d5fa5 elementor-widget elementor-widget-heading\" data-id=\"a4d5fa5\" data-element_type=\"widget\" data-widget_type=\"heading.default\">\n\t\t\t\t\t<h2 class=\"elementor-heading-title elementor-size-default\">club de ritmica<BR>\ngrupo de amigos<\/h2>\t\t\t\t<\/div>\n\t\t\t\t<\/div>\n\t\t\t\t<div class=\"elementor-element elementor-element-718b75c1 elementor-widget elementor-widget-text-editor\" data-id=\"718b75c1\" data-element_type=\"widget\" data-widget_type=\"text-editor.default\">\n\t\t\t\t\t\t\t\t\t<p>GRD Pinto se funda en el 1996, fruto de la necesidad de dotar de una estructura adecuada al creciente desarrollo de la Gimnasia R\u00edtmica en Pinto. Desde su inicio se posiciona como referencia a nivel Nacional, donde se han formado a un gran n\u00famero de gimnastas destacadas de nuestro pa\u00eds.<\/p><p>\u00a0<\/p><p>\u00a0<\/p><p>El objetivo primordial del club es la formaci\u00f3n \u00edntegra de los gimnastas, como deportistas y personas, cuidando la formaci\u00f3n de valores como la responsabilidad, compa\u00f1erismo, esfuerzo y trabajo en equipo. Se tratar\u00e1 de que cada ni\u00f1o alcance el mayor rendimiento deportivo posible procurando lo m\u00e1s importante \u00a1Qu\u00e9 los ni\u00f1os disfruten del deporte y de sus amigos!<\/p>\t\t\t\t\t\t\t\t<\/div>\n\t\t\t\t<\/div>\n\t\t\t\t<\/div>\n\t\t\t\t<\/div>\n\t\t<div class=\"elementor-element elementor-element-3d6af7e1 e-con-full e-flex e-con e-parent\" data-id=\"3d6af7e1\" data-element_type=\"container\" data-settings=\"{&quot;background_background&quot;:&quot;classic&quot;}\">\n\t\t<div class=\"elementor-element elementor-element-5fe834e6 e-con-full e-flex e-con e-child\" data-id=\"5fe834e6\" data-element_type=\"container\" data-settings=\"{&quot;background_background&quot;:&quot;classic&quot;}\">\n\t\t\t\t<div class=\"elementor-element elementor-element-c8700ab elementor-widget elementor-widget-heading\" data-id=\"c8700ab\" data-element_type=\"widget\" data-widget_type=\"heading.default\">\n\t\t\t\t\t<h2 class=\"elementor-heading-title elementor-size-default\">Formando atletas con valores<\/h2>\t\t\t\t<\/div>\n\t\t\t\t<div class=\"elementor-element elementor-element-3f9cb593 elementor-widget elementor-widget-text-editor\" data-id=\"3f9cb593\" data-element_type=\"widget\" data-widget_type=\"text-editor.default\">\n\t\t\t\t\t\t\t\t\t<p>Unido a esto, nuestro principal objetivo es transmitir a todos las atletas los valores que implica este deporte. <br \/><br \/>\u00a0 Trabajamos con perseverancia y humildad, para impulsar nuestro club a lo m\u00e1s alto, consiguiendo que nuestros atletas tengan las mejores oportunidades deportivas.<\/p>\t\t\t\t\t\t\t\t<\/div>\n\t\t\t\t<\/div>\n\t\t<div class=\"elementor-element elementor-element-555712b6 e-con-full e-flex e-con e-child\" data-id=\"555712b6\" data-element_type=\"container\" data-settings=\"{&quot;background_background&quot;:&quot;classic&quot;}\">\n\t\t\t\t<\/div>\n\t\t\t\t<\/div>\n\t\t\t\t<\/div>\n\t\t","protected":false},"excerpt":{"rendered":"<p>Conocenos UN club de ritmica grupo de amigos GRD Pinto se funda en el 1996, fruto de la necesidad de dotar de una estructura adecuada al creciente desarrollo de la Gimnasia R\u00edtmica en Pinto. Desde su inicio se posiciona como referencia a nivel Nacional, donde se han formado a un gran n\u00famero de gimnastas destacadas [&hellip;]<\/p>\n","protected":false},"author":1,"featured_media":0,"parent":0,"menu_order":0,"comment_status":"closed","ping_status":"closed","template":"","meta":{"site-sidebar-layout":"no-sidebar","site-content-layout":"","ast-site-content-layout":"full-width-container","site-content-style":"default","site-sidebar-style":"default","ast-global-header-display":"","ast-banner-title-visibility":"","ast-main-header-display":"","ast-hfb-above-header-display":"","ast-hfb-below-header-display":"","ast-hfb-mobile-header-display":"","site-post-title":"disabled","ast-breadcrumbs-content":"","ast-featured-img":"disabled","footer-sml-layout":"","theme-transparent-header-meta":"","adv-header-id-meta":"","stick-header-meta":"","header-above-stick-meta":"","header-main-stick-meta":"","header-below-stick-meta":"","astra-migrate-meta-layouts":"default","ast-page-background-enabled":"default","ast-page-background-meta":{"desktop":{"background-color":"var(--ast-global-color-5)","background-image":"","background-repeat":"repeat","background-position":"center center","background-size":"auto","background-attachment":"scroll","background-type":"","background-media":"","overlay-type":"","overlay-color":"","overlay-opacity":"","overlay-gradient":""},"tablet":{"background-color":"","background-image":"","background-repeat":"repeat","background-position":"center center","background-size":"auto","background-attachment":"scroll","background-type":"","background-media":"","overlay-type":"","overlay-color":"","overlay-opacity":"","overlay-gradient":""},"mobile":{"background-color":"","background-image":"","background-repeat":"repeat","background-position":"center center","background-size":"auto","background-attachment":"scroll","background-type":"","background-media":"","overlay-type":"","overlay-color":"","overlay-opacity":"","overlay-gradient":""}},"ast-content-background-meta":{"desktop":{"background-color":"var(--ast-global-color-4)","background-image":"","background-repeat":"repeat","background-position":"center center","background-size":"auto","background-attachment":"scroll","background-type":"","background-media":"","overlay-type":"","overlay-color":"","overlay-opacity":"","overlay-gradient":""},"tablet":{"background-color":"var(--ast-global-color-4)","background-image":"","background-repeat":"repeat","background-position":"center center","background-size":"auto","background-attachment":"scroll","background-type":"","background-media":"","overlay-type":"","overlay-color":"","overlay-opacity":"","overlay-gradient":""},"mobile":{"background-color":"var(--ast-global-color-4)","background-image":"","background-repeat":"repeat","background-position":"center center","background-size":"auto","background-attachment":"scroll","background-type":"","background-media":"","overlay-type":"","overlay-color":"","overlay-opacity":"","overlay-gradient":""}},"footnotes":""},"class_list":["post-323","page","type-page","status-publish","hentry"],"_links":{"self":[{"href":"https:\/\/sharp-swanson.217-154-183-154.plesk.page\/index.php\/wp-json\/wp\/v2\/pages\/323","targetHints":{"allow":["GET"]}}],"collection":[{"href":"https:\/\/sharp-swanson.217-154-183-154.plesk.page\/index.php\/wp-json\/wp\/v2\/pages"}],"about":[{"href":"https:\/\/sharp-swanson.217-154-183-154.plesk.page\/index.php\/wp-json\/wp\/v2\/types\/page"}],"author":[{"embeddable":true,"href":"https:\/\/sharp-swanson.217-154-183-154.plesk.page\/index.php\/wp-json\/wp\/v2\/users\/1"}],"replies":[{"embeddable":true,"href":"https:\/\/sharp-swanson.217-154-183-154.plesk.page\/index.php\/wp-json\/wp\/v2\/comments?post=323"}],"version-history":[{"count":52,"href":"https:\/\/sharp-swanson.217-154-183-154.plesk.page\/index.php\/wp-json\/wp\/v2\/pages\/323\/revisions"}],"predecessor-version":[{"id":437,"href":"https:\/\/sharp-swanson.217-154-183-154.plesk.page\/index.php\/wp-json\/wp\/v2\/pages\/323\/revisions\/437"}],"wp:attachment":[{"href":"https:\/\/sharp-swanson.217-154-183-154.plesk.page\/index.php\/wp-json\/wp\/v2\/media?parent=323"}],"curies":[{"name":"wp","href":"https:\/\/api.w.org\/{rel}","templated":true}]}}